{"id":20843,"date":"2023-07-10T12:58:54","date_gmt":"2023-07-10T10:58:54","guid":{"rendered":"https:\/\/europacenter.w3.totalcom.website\/?page_id=20843"},"modified":"2023-07-10T13:13:05","modified_gmt":"2023-07-10T11:13:05","slug":"impressum","status":"publish","type":"page","link":"https:\/\/www.europacenter.it\/de\/impressum\/","title":{"rendered":"Impressum"},"content":{"rendered":"\t\t<div data-elementor-type=\"wp-page\" data-elementor-id=\"20843\" class=\"elementor elementor-20843 elementor-20837\">\n\t\t\t\t\t\t<section class=\"elementor-section-with-custom-width elementor-section elementor-top-section elementor-element elementor-element-6270b612 elementor-section-boxed elementor-section-height-default elementor-section-height-default sc_fly_static\" data-id=\"6270b612\" data-element_type=\"section\" data-e-type=\"section\" data-settings=\"{&quot;background_background&quot;:&quot;classic&quot;}\">\n\t\t\t\t\t\t<div class=\"elementor-container elementor-column-gap-extended\">\n\t\t\t\t\t<div class=\"elementor-column elementor-col-100 elementor-top-column elementor-element elementor-element-69230226 sc_content_align_inherit sc_layouts_column_icons_position_left sc_fly_static\" data-id=\"69230226\" data-element_type=\"column\" data-e-type=\"column\">\n\t\t\t<div class=\"elementor-widget-wrap elementor-element-populated\">\n\t\t\t\t\t\t<div class=\"elementor-element elementor-element-b0a055b sc_fly_static elementor-widget elementor-widget-text-editor\" data-id=\"b0a055b\" data-element_type=\"widget\" data-e-type=\"widget\" data-widget_type=\"text-editor.default\">\n\t\t\t\t<div class=\"elementor-widget-container\">\n\t\t\t\t\t\t\t\t\t<div class=\"vc_col-sm-6 wpb_column column_container vc_column_container col no-extra-padding inherit_tablet inherit_phone\" data-padding-pos=\"all\" data-has-bg-color=\"false\" data-bg-color=\"\" data-bg-opacity=\"1\" data-animation=\"\" data-delay=\"0\"><div class=\"vc_column-inner\"><div class=\"wpb_wrapper\"><div class=\"wpb_text_column wpb_content_element\"><div class=\"wpb_wrapper\"><h3>Auftraggeber:<\/h3><p><b>Europa Center<\/b><br \/>Drususallee 281\/B &#8211; 39100 Bozen\u00a0<br \/>Tel. +39 0471 500682<br \/>MWSt 02544240217\u00a0<br \/>e-mail: <a href=\"mailto:info@europacenter.it\">info@europacenter.it<\/a><\/p><h3>Verantwortung f\u00fcr die Inhalte<\/h3><p>Der Inhalt dieser Website ist urheberrechtlich gesch\u00fctzt. Die Vervielf\u00e4ltigung, ganz oder teilweise, von Texten oder Ausz\u00fcgen und des gesamten Bildmaterials ist verboten, falls nicht ausdr\u00fccklich in schriftlicher Form von Lewald genehmigt und erlaubt. F\u00fcr den Inhalt verlinkter Seiten sind ausschlie\u00dflich deren Verwalter verantwortlich.<\/p><h3>Design \u2013 Programmierung \u2013 Hosting<\/h3><p>Totalcom Network SRL<br \/>J. Ressel Strasse 2<br \/>I-39100 Bolzen (BZ)<br \/>Tel: 0471 162 8000<\/p><p>Web:\u00a0<a href=\"https:\/\/www.totalcom.it\/\">www.totalcom.it<\/a><br \/>e-mail:\u00a0<a href=\"mailto:info@totalcom.it\">info@totalcom.it<\/a><br \/><a href=\"mailto:helpdesk@totalcom.it\">helpdesk@totalcom.it<\/a>\u00a0(Kundendienst)<\/p><p>Diese Website wurde f\u00fcr Chrome V50, Firefox V46, Edge V20 optimiert und ist mit anderen Browsern, die den Standard HTML5 (W3C) unterst\u00fctzen, kompatibel.<\/p><\/div><\/div><\/div><\/div><\/div>\t\t\t\t\t\t\t\t<\/div>\n\t\t\t\t<\/div>\n\t\t\t\t\t<\/div>\n\t\t<\/div>\n\t\t\t\t\t<\/div>\n\t\t<\/section>\n\t\t\t\t<\/div>\n\t\t","protected":false},"excerpt":{"rendered":"<p>Auftraggeber: Europa CenterDrususallee 281\/B &#8211; 39100 Bozen\u00a0Tel. +39 0471 500682MWSt 02544240217\u00a0e-mail: info@europacenter.it Verantwortung f\u00fcr die Inhalte Der Inhalt dieser Website ist urheberrechtlich gesch\u00fctzt. Die Vervielf\u00e4ltigung, ganz oder teilweise, von Texten&hellip;<\/p>\n","protected":false},"author":2,"featured_media":0,"parent":0,"menu_order":0,"comment_status":"closed","ping_status":"closed","template":"","meta":{"footnotes":""},"class_list":["post-20843","page","type-page","status-publish","hentry"],"yoast_head":"<!-- This site is optimized with the Yoast SEO plugin v27.5 - https:\/\/yoast.com\/product\/yoast-seo-wordpress\/ -->\n<title>Impressum - Europa Center<\/title>\n<meta name=\"robots\" content=\"index, follow, max-snippet:-1, max-image-preview:large, max-video-preview:-1\" \/>\n<link rel=\"canonical\" href=\"https:\/\/www.europacenter.it\/de\/impressum\/\" \/>\n<meta property=\"og:locale\" content=\"de_DE\" \/>\n<meta property=\"og:type\" content=\"article\" \/>\n<meta property=\"og:title\" content=\"Impressum - Europa Center\" \/>\n<meta property=\"og:description\" content=\"Auftraggeber: Europa CenterDrususallee 281\/B &#8211; 39100 Bozen\u00a0Tel. +39 0471 500682MWSt 02544240217\u00a0e-mail: info@europacenter.it Verantwortung f\u00fcr die Inhalte Der Inhalt dieser Website ist urheberrechtlich gesch\u00fctzt. Die Vervielf\u00e4ltigung, ganz oder teilweise, von Texten&hellip;\" \/>\n<meta property=\"og:url\" content=\"https:\/\/www.europacenter.it\/de\/impressum\/\" \/>\n<meta property=\"og:site_name\" content=\"Europa Center\" \/>\n<meta property=\"article:modified_time\" content=\"2023-07-10T11:13:05+00:00\" \/>\n<meta name=\"twitter:card\" content=\"summary_large_image\" \/>\n<meta name=\"twitter:label1\" content=\"Gesch\u00e4tzte Lesezeit\" \/>\n\t<meta name=\"twitter:data1\" content=\"1\u00a0Minute\" \/>\n<script type=\"application\/ld+json\" class=\"yoast-schema-graph\">{\"@context\":\"https:\\\/\\\/schema.org\",\"@graph\":[{\"@type\":\"WebPage\",\"@id\":\"https:\\\/\\\/www.europacenter.it\\\/de\\\/impressum\\\/\",\"url\":\"https:\\\/\\\/www.europacenter.it\\\/de\\\/impressum\\\/\",\"name\":\"Impressum - Europa Center\",\"isPartOf\":{\"@id\":\"https:\\\/\\\/www.europacenter.it\\\/#website\"},\"datePublished\":\"2023-07-10T10:58:54+00:00\",\"dateModified\":\"2023-07-10T11:13:05+00:00\",\"breadcrumb\":{\"@id\":\"https:\\\/\\\/www.europacenter.it\\\/de\\\/impressum\\\/#breadcrumb\"},\"inLanguage\":\"de\",\"potentialAction\":[{\"@type\":\"ReadAction\",\"target\":[\"https:\\\/\\\/www.europacenter.it\\\/de\\\/impressum\\\/\"]}]},{\"@type\":\"BreadcrumbList\",\"@id\":\"https:\\\/\\\/www.europacenter.it\\\/de\\\/impressum\\\/#breadcrumb\",\"itemListElement\":[{\"@type\":\"ListItem\",\"position\":1,\"name\":\"Home\",\"item\":\"https:\\\/\\\/www.europacenter.it\\\/\"},{\"@type\":\"ListItem\",\"position\":2,\"name\":\"Impressum\"}]},{\"@type\":\"WebSite\",\"@id\":\"https:\\\/\\\/www.europacenter.it\\\/#website\",\"url\":\"https:\\\/\\\/www.europacenter.it\\\/\",\"name\":\"Europa Center\",\"description\":\"Centro di fisioterapia e riabilitazione sportiva\",\"publisher\":{\"@id\":\"https:\\\/\\\/www.europacenter.it\\\/#organization\"},\"potentialAction\":[{\"@type\":\"SearchAction\",\"target\":{\"@type\":\"EntryPoint\",\"urlTemplate\":\"https:\\\/\\\/www.europacenter.it\\\/?s={search_term_string}\"},\"query-input\":{\"@type\":\"PropertyValueSpecification\",\"valueRequired\":true,\"valueName\":\"search_term_string\"}}],\"inLanguage\":\"de\"},{\"@type\":\"Organization\",\"@id\":\"https:\\\/\\\/www.europacenter.it\\\/#organization\",\"name\":\"Europa Center\",\"url\":\"https:\\\/\\\/www.europacenter.it\\\/\",\"logo\":{\"@type\":\"ImageObject\",\"inLanguage\":\"de\",\"@id\":\"https:\\\/\\\/www.europacenter.it\\\/#\\\/schema\\\/logo\\\/image\\\/\",\"url\":\"https:\\\/\\\/www.europacenter.it\\\/wp-content\\\/uploads\\\/2023\\\/06\\\/EuropaCenter.png\",\"contentUrl\":\"https:\\\/\\\/www.europacenter.it\\\/wp-content\\\/uploads\\\/2023\\\/06\\\/EuropaCenter.png\",\"width\":1686,\"height\":888,\"caption\":\"Europa Center\"},\"image\":{\"@id\":\"https:\\\/\\\/www.europacenter.it\\\/#\\\/schema\\\/logo\\\/image\\\/\"},\"sameAs\":[\"https:\\\/\\\/www.instagram.com\\\/europacentersrl\\\/\"]}]}<\/script>\n<!-- \/ Yoast SEO plugin. -->","yoast_head_json":{"title":"Impressum - Europa Center","robots":{"index":"index","follow":"follow","max-snippet":"max-snippet:-1","max-image-preview":"max-image-preview:large","max-video-preview":"max-video-preview:-1"},"canonical":"https:\/\/www.europacenter.it\/de\/impressum\/","og_locale":"de_DE","og_type":"article","og_title":"Impressum - Europa Center","og_description":"Auftraggeber: Europa CenterDrususallee 281\/B &#8211; 39100 Bozen\u00a0Tel. +39 0471 500682MWSt 02544240217\u00a0e-mail: info@europacenter.it Verantwortung f\u00fcr die Inhalte Der Inhalt dieser Website ist urheberrechtlich gesch\u00fctzt. Die Vervielf\u00e4ltigung, ganz oder teilweise, von Texten&hellip;","og_url":"https:\/\/www.europacenter.it\/de\/impressum\/","og_site_name":"Europa Center","article_modified_time":"2023-07-10T11:13:05+00:00","twitter_card":"summary_large_image","twitter_misc":{"Gesch\u00e4tzte Lesezeit":"1\u00a0Minute"},"schema":{"@context":"https:\/\/schema.org","@graph":[{"@type":"WebPage","@id":"https:\/\/www.europacenter.it\/de\/impressum\/","url":"https:\/\/www.europacenter.it\/de\/impressum\/","name":"Impressum - Europa Center","isPartOf":{"@id":"https:\/\/www.europacenter.it\/#website"},"datePublished":"2023-07-10T10:58:54+00:00","dateModified":"2023-07-10T11:13:05+00:00","breadcrumb":{"@id":"https:\/\/www.europacenter.it\/de\/impressum\/#breadcrumb"},"inLanguage":"de","potentialAction":[{"@type":"ReadAction","target":["https:\/\/www.europacenter.it\/de\/impressum\/"]}]},{"@type":"BreadcrumbList","@id":"https:\/\/www.europacenter.it\/de\/impressum\/#breadcrumb","itemListElement":[{"@type":"ListItem","position":1,"name":"Home","item":"https:\/\/www.europacenter.it\/"},{"@type":"ListItem","position":2,"name":"Impressum"}]},{"@type":"WebSite","@id":"https:\/\/www.europacenter.it\/#website","url":"https:\/\/www.europacenter.it\/","name":"Europa Center","description":"Centro di fisioterapia e riabilitazione sportiva","publisher":{"@id":"https:\/\/www.europacenter.it\/#organization"},"potentialAction":[{"@type":"SearchAction","target":{"@type":"EntryPoint","urlTemplate":"https:\/\/www.europacenter.it\/?s={search_term_string}"},"query-input":{"@type":"PropertyValueSpecification","valueRequired":true,"valueName":"search_term_string"}}],"inLanguage":"de"},{"@type":"Organization","@id":"https:\/\/www.europacenter.it\/#organization","name":"Europa Center","url":"https:\/\/www.europacenter.it\/","logo":{"@type":"ImageObject","inLanguage":"de","@id":"https:\/\/www.europacenter.it\/#\/schema\/logo\/image\/","url":"https:\/\/www.europacenter.it\/wp-content\/uploads\/2023\/06\/EuropaCenter.png","contentUrl":"https:\/\/www.europacenter.it\/wp-content\/uploads\/2023\/06\/EuropaCenter.png","width":1686,"height":888,"caption":"Europa Center"},"image":{"@id":"https:\/\/www.europacenter.it\/#\/schema\/logo\/image\/"},"sameAs":["https:\/\/www.instagram.com\/europacentersrl\/"]}]}},"_links":{"self":[{"href":"https:\/\/www.europacenter.it\/de\/wp-json\/wp\/v2\/pages\/20843","targetHints":{"allow":["GET"]}}],"collection":[{"href":"https:\/\/www.europacenter.it\/de\/wp-json\/wp\/v2\/pages"}],"about":[{"href":"https:\/\/www.europacenter.it\/de\/wp-json\/wp\/v2\/types\/page"}],"author":[{"embeddable":true,"href":"https:\/\/www.europacenter.it\/de\/wp-json\/wp\/v2\/users\/2"}],"replies":[{"embeddable":true,"href":"https:\/\/www.europacenter.it\/de\/wp-json\/wp\/v2\/comments?post=20843"}],"version-history":[{"count":7,"href":"https:\/\/www.europacenter.it\/de\/wp-json\/wp\/v2\/pages\/20843\/revisions"}],"predecessor-version":[{"id":20850,"href":"https:\/\/www.europacenter.it\/de\/wp-json\/wp\/v2\/pages\/20843\/revisions\/20850"}],"wp:attachment":[{"href":"https:\/\/www.europacenter.it\/de\/wp-json\/wp\/v2\/media?parent=20843"}],"curies":[{"name":"wp","href":"https:\/\/api.w.org\/{rel}","templated":true}]}}